{"id":32,"date":"2016-12-12T10:35:20","date_gmt":"2016-12-12T10:35:20","guid":{"rendered":"https:\/\/wizors.ancorathemes.com\/?page_id=32"},"modified":"2021-12-30T16:33:01","modified_gmt":"2021-12-30T16:33:01","slug":"vizyon-misyon","status":"publish","type":"page","link":"https:\/\/dc-holding.ch\/de\/vizyon-misyon\/","title":{"rendered":"Unsere Vision Und Mission"},"content":{"rendered":"<section class=\"wpb-content-wrapper\"><p>[vc_row full_width=&#8221;stretch_row_content_no_spaces&#8221;][vc_column][\/vc_column][vc_column width=&#8221;1\/2&#8243;][vc_single_image image=&#8221;1314&#8243; img_size=&#8221;full&#8221;][\/vc_column][vc_column width=&#8221;1\/2&#8243; offset=&#8221;vc_col-sm-offset-0&#8243; css=&#8221;.vc_custom_1640719892306{margin-top: -0.15rem !important;padding-right: 20px !important;padding-left: 6rem !important;}&#8221;][vc_empty_space hide_on_mobile=&#8221;&#8221; css=&#8221;.vc_custom_1640719945013{margin-bottom: 0.6rem !important;}&#8221;]<div id=\"sc_title_578725245\"\r\n\t\tclass=\"sc_title sc_title_default\"><h4 class=\"sc_item_title sc_title_title sc_align_default sc_item_title_style_default sc_item_title_tag\">SOWOHL LEITEN ALS AUCH VORREITER SEIN<\/h4><\/div><!-- \/.sc_title -->[vc_column_text css=&#8221;.vc_custom_1640880449463{margin-right: 3rem !important;border-left-width: 2px !important;padding-left: 3rem !important;border-left-color: #c6b477 !important;border-left-style: solid !important;}&#8221;]Die DC International Holding ist darauf bedacht, bei allen umgesetzten Projekten in den verschiedenen Branchen, eine \u201eVorreiterposition\u201c einnehmen zu k\u00f6nnen. In diesem Zusammenhang setzen wir mit unseren Investitionen, vor allem in der Schweiz aber auch in anderen L\u00e4ndern, unseren Vormarsch als internationale Marke fort.<\/p>\n<p>Wir f\u00fchlen uns dazu verpflichtet, bei allen Unternehmensaktivit\u00e4ten in allen Wirtschaftsbranchen, in denen wir t\u00e4tig sind optimale Dienstleistungen zu erweisen, den international geltenden Standards und Rechtsverordnungen entsprechend zu agieren, Projekte fehlerfrei und l\u00fcckenlos umzusetzen und dabei als ein gutes Beispiel und als Vorreiter hervorzugehen.\u00a0 Mit diesen Grundvors\u00e4tzen gehen wir jedes neue Projekt an und halten uns ohne davon im geringsten abzuweichen daran, bis das Projekt realisiert ist.[\/vc_column_text][vc_empty_space alter_height=&#8221;medium&#8221; hide_on_mobile=&#8221;&#8221; css=&#8221;.vc_custom_1485250422706{margin-bottom: 0.6rem !important;}&#8221;]<div id=\"sc_title_574771949\"\r\n\t\tclass=\"sc_title sc_title_default\"><h4 class=\"sc_item_title sc_title_title sc_align_default sc_item_title_style_default sc_item_title_tag\">VERTRAUENSW\u00dcRDIG UND AUFRICHTIG<\/h4><\/div><!-- \/.sc_title -->[vc_column_text css=&#8221;.vc_custom_1640880460445{margin-right: 3rem !important;border-left-width: 2px !important;padding-left: 3rem !important;border-left-color: #c6b477 !important;border-left-style: solid !important;}&#8221;]Wir legen einen hohen Wert darauf unseren Lieferanten und Kunden vertrauen zu k\u00f6nnen und von diesen gleichzeitig auch als vertrauensw\u00fcrdiger Partner angesehen zu werden und handeln dem entsprechend.[\/vc_column_text][vc_empty_space alter_height=&#8221;medium&#8221; hide_on_mobile=&#8221;&#8221; css=&#8221;.vc_custom_1485250422706{margin-bottom: 0.6rem !important;}&#8221;]<div id=\"sc_title_342751667\"\r\n\t\tclass=\"sc_title sc_title_default\"><h4 class=\"sc_item_title sc_title_title sc_align_default sc_item_title_style_default sc_item_title_tag\">IM ZENTRUM STEHT \u201eDER MENSCH\u201c<\/h4><\/div><!-- \/.sc_title -->[vc_column_text css=&#8221;.vc_custom_1640719848665{margin-right: 3rem !important;border-left-width: 2px !important;padding-left: 3rem !important;border-left-color: #c6b477 !important;border-left-style: solid !important;}&#8221;]Unsere Mitarbeiter stellen f\u00fcr uns unseren wichtigsten Wert dar. Die Investition in unsere Mitarbeiter, deren Unterst\u00fctzung bei der beruflichen Weiterentwicklung und die Herstellung von optimalen Arbeitskonditionen stellt die Grundlage unseres Firmenansatzes dar.[\/vc_column_text][vc_empty_space alter_height=&#8221;medium&#8221; hide_on_mobile=&#8221;&#8221; css=&#8221;.vc_custom_1485250422706{margin-bottom: 0.6rem !important;}&#8221;]<div id=\"sc_title_1813177456\"\r\n\t\tclass=\"sc_title sc_title_default\"><h4 class=\"sc_item_title sc_title_title sc_align_default sc_item_title_style_default sc_item_title_tag\">QUALIT\u00c4TSMANAGEMENT<\/h4><\/div><!-- \/.sc_title -->[vc_column_text css=&#8221;.vc_custom_1640719863624{margin-right: 3rem !important;border-left-width: 2px !important;padding-left: 3rem !important;border-left-color: #c6b477 !important;border-left-style: solid !important;}&#8221;]Unser Team ist f\u00fcr die uneingeschr\u00e4nkte Erzielung der Kundenzufriedenheit t\u00e4tig. Wir unternehmen bei allen unseren Projekten Schritte zur ausnahmslosen Einhaltung aller erforderlichen\u00a0 Auflagen von Qualit\u00e4tsstandards.[\/vc_column_text][vc_empty_space alter_height=&#8221;medium&#8221; hide_on_mobile=&#8221;&#8221; css=&#8221;.vc_custom_1485250422706{margin-bottom: 0.6rem !important;}&#8221;][\/vc_column][\/vc_row]<\/p>\n<\/section>","protected":false},"excerpt":{"rendered":"<p>[vc_row full_width=&#8221;stretch_row_content_no_spaces&#8221;][vc_column][\/vc_column][vc_column width=&#8221;1\/2&#8243;][vc_single_image image=&#8221;1314&#8243; img_size=&#8221;full&#8221;][\/vc_column][vc_column width=&#8221;1\/2&#8243; offset=&#8221;vc_col-sm-offset-0&#8243; css=&#8221;.vc_custom_1640719892306{margin-top: -0.15rem !important;padding-right: 20px !important;padding-left: 6rem !important;}&#8221;][vc_empty_space hide_on_mobile=&#8221;&#8221; css=&#8221;.vc_custom_1640719945013{margin-bottom: 0.6rem !important;}&#8221;][vc_column_text css=&#8221;.vc_custom_1640880449463{margin-right: 3rem !important;border-left-width: 2px !important;padding-left: 3rem !important;border-left-color: #c6b477 !important;border-left-style: solid !important;}&#8221;]Die DC International Holding ist darauf bedacht, bei allen umgesetzten Projekten in den verschiedenen Branchen, eine \u201eVorreiterposition\u201c einnehmen zu k\u00f6nnen. In diesem Zusammenhang setzen wir mit unseren Investitionen, vor allem in der&hellip;<\/p>\n","protected":false},"author":1,"featured_media":0,"parent":0,"menu_order":0,"comment_status":"closed","ping_status":"closed","template":"","meta":{"footnotes":""},"class_list":["post-32","page","type-page","status-publish","hentry"],"_links":{"self":[{"href":"https:\/\/dc-holding.ch\/de\/wp-json\/wp\/v2\/pages\/32","targetHints":{"allow":["GET"]}}],"collection":[{"href":"https:\/\/dc-holding.ch\/de\/wp-json\/wp\/v2\/pages"}],"about":[{"href":"https:\/\/dc-holding.ch\/de\/wp-json\/wp\/v2\/types\/page"}],"author":[{"embeddable":true,"href":"https:\/\/dc-holding.ch\/de\/wp-json\/wp\/v2\/users\/1"}],"replies":[{"embeddable":true,"href":"https:\/\/dc-holding.ch\/de\/wp-json\/wp\/v2\/comments?post=32"}],"version-history":[{"count":23,"href":"https:\/\/dc-holding.ch\/de\/wp-json\/wp\/v2\/pages\/32\/revisions"}],"predecessor-version":[{"id":1722,"href":"https:\/\/dc-holding.ch\/de\/wp-json\/wp\/v2\/pages\/32\/revisions\/1722"}],"wp:attachment":[{"href":"https:\/\/dc-holding.ch\/de\/wp-json\/wp\/v2\/media?parent=32"}],"curies":[{"name":"wp","href":"https:\/\/api.w.org\/{rel}","templated":true}]}}