{"id":1380,"date":"2021-12-22T21:42:50","date_gmt":"2021-12-22T21:42:50","guid":{"rendered":"https:\/\/dc-holding.ch\/?page_id=1380"},"modified":"2021-12-30T16:23:01","modified_gmt":"2021-12-30T16:23:01","slug":"proje-basvurusu","status":"publish","type":"page","link":"https:\/\/dc-holding.ch\/de\/proje-basvurusu\/","title":{"rendered":"Projektantr\u00e4ge"},"content":{"rendered":"<section class=\"wpb-content-wrapper\"><p>[vc_row full_width=&#8221;stretch_row_content_no_spaces&#8221;][vc_column][\/vc_column][vc_column width=&#8221;1\/2&#8243; css=&#8221;.vc_custom_1640210722952{padding-left: 20px !important;}&#8221;][vc_empty_space alter_height=&#8221;medium&#8221; hide_on_mobile=&#8221;&#8221; css=&#8221;.vc_custom_1485250422706{margin-bottom: 0.6rem !important;}&#8221;]<div id=\"sc_title_741619332\"\r\n\t\tclass=\"sc_title sc_title_default\"><h3 class=\"sc_item_title sc_title_title sc_align_default sc_item_title_style_default sc_item_title_tag\">Sind Sie bereit zusammen mit uns zu wachsen?<\/h3><\/div><!-- \/.sc_title -->[vc_empty_space alter_height=&#8221;medium&#8221; hide_on_mobile=&#8221;&#8221; css=&#8221;.vc_custom_1485250422706{margin-bottom: 0.6rem !important;}&#8221;][vc_column_text]Jede Gesch\u00e4ftsidee bedarf eines Investment-Supports. Das richtige Konzept w\u00e4hrend des Investmentprozesses spielt f\u00fcr den sp\u00e4teren Erfolg der jeweiligen Gesch\u00e4ftsideen eine essentielle Rolle. Wir sind hier, um Sie bei allen diesen Prozessen entsprechend zu unterst\u00fctzen.<\/p>\n<p>Neben Direktinvestitionen und Werbe-sowie Support-Aktivit\u00e4ten leisten wir Ihnen auch dabei Unterst\u00fctzung, den Markenwerte Ihres Projektes zu steigern, die Infrastruktur der Investition zu optimieren, das Besch\u00e4ftigungspotential auszusch\u00f6pfen und das Projekt lukrativer zu gestalten und es ins Zentrum der Aufmerksamkeit zu versetzen.<\/p>\n<p>Wir f\u00fchlen uns besonders von solchen Projekten angezogen, die \u00fcber neuartige Ans\u00e4tze verf\u00fcgen, die sich noch im Anfangsstadium befinden oder solchen die zur Umsetzung noch auf Investitionen warten. Um unseren Ideen und Investitionen gro\u00dfes Potential verleihen zu k\u00f6nnen, bieten wir unsere Dienste \u00fcber unser Expertenteam an.<\/p>\n<p>Um mit uns Bekanntschaft machen zu k\u00f6nnen, m\u00fcssen Sie lediglich das unten aufgef\u00fchrte Formular ausf\u00fcllen und an uns senden. Unser Team wird sich nach dem Empfang Ihres Antrages und den ersten Recherchen, in k\u00fcrzester Zeit bei Ihnen zur\u00fcckmelden.[\/vc_column_text][vc_empty_space alter_height=&#8221;medium&#8221; hide_on_mobile=&#8221;&#8221; css=&#8221;.vc_custom_1485250422706{margin-bottom: 0.6rem !important;}&#8221;][vc_single_image image=&#8221;1343&#8243; img_size=&#8221;full&#8221;][\/vc_column][vc_column width=&#8221;1\/2&#8243; offset=&#8221;vc_col-sm-offset-0&#8243; css=&#8221;.vc_custom_1640210565486{margin-top: -0.15rem !important;padding-left: 10px !important;}&#8221;][vc_empty_space alter_height=&#8221;medium&#8221; hide_on_mobile=&#8221;&#8221; css=&#8221;.vc_custom_1485250422706{margin-bottom: 0.6rem !important;}&#8221;][vc_empty_space alter_height=&#8221;medium&#8221; hide_on_mobile=&#8221;&#8221; css=&#8221;.vc_custom_1485250422706{margin-bottom: 0.6rem !important;}&#8221;][vc_column_text css=&#8221;.vc_custom_1640721415900{margin-right: 3rem !important;border-left-width: 2px !important;padding-left: 3rem !important;border-left-color: #c6b477 !important;border-left-style: solid !important;}&#8221;]<div id=\"quform-962c16\" class=\"quform quform-8 quform-support-page-caching\"><form id=\"quform-form-962c16\" class=\"quform-form quform-form-8\" action=\"\/de\/wp-json\/wp\/v2\/pages\/1380#quform-962c16\" method=\"post\" enctype=\"multipart\/form-data\" novalidate=\"novalidate\" data-options=\"{&quot;id&quot;:8,&quot;uniqueId&quot;:&quot;962c16&quot;,&quot;theme&quot;:&quot;&quot;,&quot;ajax&quot;:true,&quot;logic&quot;:{&quot;logic&quot;:[],&quot;dependents&quot;:[],&quot;elementIds&quot;:[],&quot;dependentElementIds&quot;:[],&quot;animate&quot;:true},&quot;currentPageId&quot;:1,&quot;errorsIcon&quot;:&quot;&quot;,&quot;updateFancybox&quot;:true,&quot;hasPages&quot;:false,&quot;pages&quot;:[1],&quot;pageProgressType&quot;:&quot;numbers&quot;,&quot;tooltipsEnabled&quot;:true,&quot;tooltipClasses&quot;:&quot;qtip-quform-dark qtip-shadow&quot;,&quot;tooltipMy&quot;:&quot;left center&quot;,&quot;tooltipAt&quot;:&quot;right center&quot;,&quot;isRtl&quot;:false,&quot;scrollOffset&quot;:-50,&quot;scrollSpeed&quot;:800}\"><button class=\"quform-default-submit\" name=\"quform_submit\" type=\"submit\" value=\"submit\"><\/button><div class=\"quform-form-inner quform-form-inner-8\"><input type=\"hidden\" name=\"quform_form_id\" value=\"8\" \/><input type=\"hidden\" name=\"quform_form_uid\" value=\"962c16\" \/><input type=\"hidden\" name=\"quform_count\" value=\"1\" \/><input type=\"hidden\" name=\"form_url\" value=\"https:\/\/dc-holding.ch\/de\/wp-json\/wp\/v2\/pages\/1380\" \/><input type=\"hidden\" name=\"referring_url\" value=\"\" \/><input type=\"hidden\" name=\"post_id\" value=\"\" \/><input type=\"hidden\" name=\"post_title\" value=\"\" \/><input type=\"hidden\" name=\"quform_current_page_id\" value=\"1\" \/><input type=\"hidden\" name=\"quform_csrf_token\" value=\"EfW1x0VgIziv19tAweH3dmXVpkTt9Lo8L9jFlZdh\" \/><div class=\"quform-elements quform-elements-8 quform-cf quform-responsive-elements-phone-landscape\"><div class=\"quform-element quform-element-page quform-page-1 quform-page-8_1 quform-cf quform-group-style-plain quform-first-page quform-last-page quform-current-page\"><div class=\"quform-child-elements\"><div class=\"quform-element quform-element-row quform-element-row-8_3 quform-1-columns quform-element-row-size-fixed quform-responsive-columns-phone-landscape\"><div class=\"quform-element quform-element-column quform-element-8_4\"><div class=\"quform-element quform-element-name quform-element-8_25 quform-cf quform-element-required\"><div class=\"quform-spacer\"><div class=\"quform-inner quform-inner-name quform-inner-8_25\"><div class=\"quform-input quform-input-name quform-input-8_25 quform-cf\"><div class=\"quform-element-row quform-3-columns quform-element-row-size-fixed quform-responsive-columns-phone-landscape\"><div class=\"quform-element-column\"><div class=\"quform-element quform-element-select quform-element-8_25_1 quform-cf quform-element-required\"><div class=\"quform-spacer\"><div class=\"quform-inner quform-inner-select quform-inner-8_25_1\"><label id=\"quform_8_25_1_962c16_sub_label_above\" class=\"quform-sub-label quform-sub-label-above\">GESCHLECHT<span class=\"quform-required\" style=\"color: #cc0101\">*<\/span><\/label><div class=\"quform-input quform-input-select quform-input-8_25_1 quform-cf\"><select id=\"quform_8_25_1_962c16\" name=\"quform_8_25[1]\" class=\"quform-field quform-field-select quform-field-8_25_1 iletisim-form\" aria-labelledby=\"quform_8_25_1_962c16_sub_label_above\"><option value=\"\" selected=\"selected\">- Bitte ausw\u00e4hlen -<\/option><option value=\"Sehr geehrte Frau\">Frau<\/option><option value=\"Sehr geehrter Herr\">Herr<\/option><\/select><\/div><\/div><\/div><\/div><\/div><div class=\"quform-element-column\"><div class=\"quform-element quform-element-text quform-element-8_25_2 quform-cf quform-element-required\"><div class=\"quform-spacer\"><div class=\"quform-inner quform-inner-text quform-inner-8_25_2\"><label id=\"quform_8_25_2_962c16_sub_label_above\" class=\"quform-sub-label quform-sub-label-above\">NAME <span class=\"quform-required\" style=\"color: #cc0101\">*<\/span><\/label><div class=\"quform-input quform-input-text quform-input-8_25_2 quform-cf\"><input type=\"text\" id=\"quform_8_25_2_962c16\" name=\"quform_8_25[2]\" class=\"quform-field quform-field-text quform-field-8_25_2 iletisim-form\" aria-labelledby=\"quform_8_25_2_962c16_sub_label_above\" \/><\/div><\/div><\/div><\/div><\/div><div class=\"quform-element-column\"><div class=\"quform-element quform-element-text quform-element-8_25_4 quform-cf quform-element-required\"><div class=\"quform-spacer\"><div class=\"quform-inner quform-inner-text quform-inner-8_25_4\"><label id=\"quform_8_25_4_962c16_sub_label_above\" class=\"quform-sub-label quform-sub-label-above\">FAMILIENNAME <span class=\"quform-required\" style=\"color: #cc0101\">*<\/span><\/label><div class=\"quform-input quform-input-text quform-input-8_25_4 quform-cf\"><input type=\"text\" id=\"quform_8_25_4_962c16\" name=\"quform_8_25[4]\" class=\"quform-field quform-field-text quform-field-8_25_4 iletisim-form\" aria-labelledby=\"quform_8_25_4_962c16_sub_label_above\" \/><\/div><\/div><\/div><\/div><\/div><\/div><\/div><\/div><\/div><\/div><\/div><\/div><div class=\"quform-element quform-element-row quform-element-row-8_28 quform-2-columns quform-element-row-size-fixed quform-responsive-columns-phone-landscape\"><div class=\"quform-element quform-element-column quform-element-8_33\"><div class=\"quform-element quform-element-text quform-element-8_45 quform-cf quform-element-required\"><div class=\"quform-spacer\"><div class=\"quform-label quform-label-8_45\"><label class=\"quform-label-text\" for=\"quform_8_45_962c16\">UNTERNEHMEN \/ PROJEKTNAME  <span class=\"quform-required\">*<\/span><\/label><\/div><div class=\"quform-inner quform-inner-text quform-inner-8_45\"><div class=\"quform-input quform-input-text quform-input-8_45 quform-cf\"><input type=\"text\" id=\"quform_8_45_962c16\" name=\"quform_8_45\" class=\"quform-field quform-field-text quform-field-8_45\" \/><\/div><\/div><\/div><\/div><\/div><div class=\"quform-element quform-element-column quform-element-8_35\"><div class=\"quform-element quform-element-text quform-element-8_36 quform-cf quform-element-required\"><div class=\"quform-spacer\"><div class=\"quform-label quform-label-8_36\"><label class=\"quform-label-text\" for=\"quform_8_36_962c16\">ADRESSE<span class=\"quform-required\">*<\/span><\/label><\/div><div class=\"quform-inner quform-inner-text quform-inner-8_36\"><div class=\"quform-input quform-input-text quform-input-8_36 quform-cf\"><input type=\"text\" id=\"quform_8_36_962c16\" name=\"quform_8_36\" class=\"quform-field quform-field-text quform-field-8_36\" \/><\/div><\/div><\/div><\/div><\/div><\/div><div class=\"quform-element quform-element-row quform-element-row-8_37 quform-2-columns quform-element-row-size-fixed quform-responsive-columns-phone-landscape\"><div class=\"quform-element quform-element-column quform-element-8_38\"><div class=\"quform-element quform-element-text quform-element-8_41 quform-cf quform-element-required\"><div class=\"quform-spacer\"><div class=\"quform-label quform-label-8_41\"><label class=\"quform-label-text\" for=\"quform_8_41_962c16\">PLZ<span class=\"quform-required\">*<\/span><\/label><\/div><div class=\"quform-inner quform-inner-text quform-inner-8_41\"><div class=\"quform-input quform-input-text quform-input-8_41 quform-cf\"><input type=\"text\" id=\"quform_8_41_962c16\" name=\"quform_8_41\" class=\"quform-field quform-field-text quform-field-8_41\" \/><\/div><\/div><\/div><\/div><div class=\"quform-element quform-element-text quform-element-8_39 quform-cf quform-element-required\"><div class=\"quform-spacer\"><div class=\"quform-label quform-label-8_39\"><label class=\"quform-label-text\" for=\"quform_8_39_962c16\">IHR WOHNORT <span class=\"quform-required\">*<\/span><\/label><\/div><div class=\"quform-inner quform-inner-text quform-inner-8_39\"><div class=\"quform-input quform-input-text quform-input-8_39 quform-cf\"><input type=\"text\" id=\"quform_8_39_962c16\" name=\"quform_8_39\" class=\"quform-field quform-field-text quform-field-8_39\" \/><\/div><\/div><\/div><\/div><\/div><div class=\"quform-element quform-element-column quform-element-8_40\"><div class=\"quform-element quform-element-text quform-element-8_10 quform-cf quform-element-required\"><div class=\"quform-spacer\"><div class=\"quform-label quform-label-8_10\"><label class=\"quform-label-text\" for=\"quform_8_10_962c16\">TELEFON-NR. <span class=\"quform-required\">*<\/span><\/label><\/div><div class=\"quform-inner quform-inner-text quform-inner-8_10\"><div class=\"quform-input quform-input-text quform-input-8_10 quform-cf\"><input type=\"text\" id=\"quform_8_10_962c16\" name=\"quform_8_10\" class=\"quform-field quform-field-text quform-field-8_10\" \/><\/div><\/div><\/div><\/div><div class=\"quform-element quform-element-email quform-element-8_11 quform-cf quform-element-required\"><div class=\"quform-spacer\"><div class=\"quform-label quform-label-8_11\"><label class=\"quform-label-text\" for=\"quform_8_11_962c16\">E-MAILADRESSE<span class=\"quform-required\">*<\/span><\/label><\/div><div class=\"quform-inner quform-inner-email quform-inner-8_11\"><div class=\"quform-input quform-input-email quform-input-8_11 quform-cf\"><input type=\"email\" id=\"quform_8_11_962c16\" name=\"quform_8_11\" class=\"quform-field quform-field-email quform-field-8_11\" \/><\/div><\/div><\/div><\/div><\/div><\/div><div class=\"quform-element quform-element-row quform-element-row-8_6 quform-2-columns quform-element-row-size-fixed quform-responsive-columns-phone-landscape\"><div class=\"quform-element quform-element-column quform-element-8_7\"><\/div><div class=\"quform-element quform-element-column quform-element-8_8\"><\/div><\/div><div class=\"quform-element quform-element-textarea quform-element-8_20 quform-cf quform-element-optional\"><div class=\"quform-spacer\"><div class=\"quform-label quform-label-8_20\"><label class=\"quform-label-text\" for=\"quform_8_20_962c16\">KURZE BESCHREIBUNG IHRES PROJEKTES<\/label><\/div><div class=\"quform-inner quform-inner-textarea quform-inner-8_20\"><div class=\"quform-input quform-input-textarea quform-input-8_20 quform-cf\"><textarea id=\"quform_8_20_962c16\" name=\"quform_8_20\" class=\"quform-field quform-field-textarea quform-field-8_20\"><\/textarea><\/div><\/div><\/div><\/div><div class=\"quform-element quform-element-row quform-element-row-8_48 quform-2-columns quform-element-row-size-fixed quform-responsive-columns-phone-landscape\"><div class=\"quform-element quform-element-column quform-element-8_49\"><div class=\"quform-element quform-element-text quform-element-8_50 quform-cf quform-element-optional\"><div class=\"quform-spacer\"><div class=\"quform-label quform-label-8_50\"><label class=\"quform-label-text\" for=\"quform_8_50_962c16\">WEB PAGE ZU IHREM PROJEKT<\/label><\/div><div class=\"quform-inner quform-inner-text quform-inner-8_50\"><div class=\"quform-input quform-input-text quform-input-8_50 quform-cf\"><input type=\"text\" id=\"quform_8_50_962c16\" name=\"quform_8_50\" class=\"quform-field quform-field-text quform-field-8_50\" \/><\/div><\/div><\/div><\/div><\/div><div class=\"quform-element quform-element-column quform-element-8_51\"><div class=\"quform-element quform-element-file quform-element-8_53 quform-cf quform-element-optional\"><div class=\"quform-spacer\"><div class=\"quform-label quform-label-8_53\"><label class=\"quform-label-text\" for=\"quform_8_53_962c16\">PR\u00c4SENTATIONSMAPPE ZUM PROJEKT<\/label><\/div><div class=\"quform-inner quform-inner-file quform-inner-8_53\"><div class=\"quform-input quform-input-file quform-input-8_53 quform-cf quform-button-style-classic quform-button-size-fat quform-button-width-large\"><input type=\"file\" id=\"quform_8_53_962c16\" name=\"quform_8_53[]\" class=\"quform-field quform-field-file quform-field-8_53 quform-field-file-enhanced\" data-config=\"{&quot;id&quot;:53,&quot;identifier&quot;:&quot;8_53&quot;,&quot;name&quot;:&quot;quform_8_53&quot;,&quot;max&quot;:1,&quot;size&quot;:20971520,&quot;allowedExtensions&quot;:[&quot;jpg&quot;,&quot;jpeg&quot;,&quot;png&quot;,&quot;gif&quot;,&quot;pdf&quot;],&quot;notAllowedTypeWithFilename&quot;:&quot;File type of &#039;%filename%&#039; is not allowed&quot;,&quot;tooBigWithFilename&quot;:&quot;File &#039;%filename%&#039; exceeds the maximum allowed file size&quot;,&quot;tooMany&quot;:&quot;You cannot upload more than %max% file(s)&quot;,&quot;buttonType&quot;:&quot;button&quot;,&quot;buttonText&quot;:&quot;Browse...&quot;,&quot;buttonIcon&quot;:&quot;qicon-file_upload&quot;,&quot;buttonIconPosition&quot;:&quot;right&quot;}\" \/><\/div><\/div><\/div><\/div><\/div><\/div><div class=\"quform-element quform-element-html quform-element-8_44 quform-cf\"><div class=\"quform-spacer\"><\/div><\/div><div class=\"quform-element quform-element-submit quform-element-8_54 quform-cf quform-button-style-theme quform-button-width-full\"><div class=\"quform-button-submit quform-button-submit-default quform-button-submit-8_54 quform-button-icon-right\"><button name=\"quform_submit\" type=\"submit\" class=\"quform-submit\" value=\"submit\"><span class=\"quform-button-text quform-button-submit-text\">ABSENDEN<\/span><span class=\"quform-button-icon quform-button-submit-icon\"><i class=\"qicon-paper-plane\"><\/i><\/span><\/button><\/div><div class=\"quform-loading quform-loading-position-left quform-loading-type-spinner-1\"><div class=\"quform-loading-inner\"><div class=\"quform-loading-spinner\"><div class=\"quform-loading-spinner-inner\"><\/div><\/div><\/div><\/div><\/div><div class=\"quform-element-tree\"><label for=\"quform_8_0_962c16\">This field should be left blank<\/label><input type=\"text\" id=\"quform_8_0_962c16\" name=\"quform_8_0\" class=\"quform-field quform-field-tree quform-field-8_0\" tabindex=\"-1\" autocomplete=\"off\" \/><\/div><\/div><\/div><\/div><div class=\"quform-upload-progress-wrap\"><div class=\"quform-upload-progress-bar-wrap\"><div class=\"quform-upload-progress-bar\"><\/div><\/div><div class=\"quform-upload-info quform-cf\"><div class=\"quform-upload-filename\"><\/div><\/div><\/div><\/div><\/form><\/div>[\/vc_column_text][\/vc_column][\/vc_row]<\/p>\n<\/section>","protected":false},"excerpt":{"rendered":"<p>[vc_row full_width=&#8221;stretch_row_content_no_spaces&#8221;][vc_column][\/vc_column][vc_column width=&#8221;1\/2&#8243; css=&#8221;.vc_custom_1640210722952{padding-left: 20px !important;}&#8221;][vc_empty_space alter_height=&#8221;medium&#8221; hide_on_mobile=&#8221;&#8221; css=&#8221;.vc_custom_1485250422706{margin-bottom: 0.6rem !important;}&#8221;][vc_empty_space alter_height=&#8221;medium&#8221; hide_on_mobile=&#8221;&#8221; css=&#8221;.vc_custom_1485250422706{margin-bottom: 0.6rem !important;}&#8221;][vc_column_text]Jede Gesch\u00e4ftsidee bedarf eines Investment-Supports. Das richtige Konzept w\u00e4hrend des Investmentprozesses spielt f\u00fcr den sp\u00e4teren Erfolg der jeweiligen Gesch\u00e4ftsideen eine essentielle Rolle. Wir sind hier, um Sie bei allen diesen Prozessen entsprechend zu unterst\u00fctzen. Neben Direktinvestitionen und Werbe-sowie Support-Aktivit\u00e4ten leisten wir Ihnen auch dabei Unterst\u00fctzung,&hellip;<\/p>\n","protected":false},"author":1,"featured_media":0,"parent":0,"menu_order":0,"comment_status":"closed","ping_status":"closed","template":"","meta":{"footnotes":""},"class_list":["post-1380","page","type-page","status-publish","hentry"],"_links":{"self":[{"href":"https:\/\/dc-holding.ch\/de\/wp-json\/wp\/v2\/pages\/1380","targetHints":{"allow":["GET"]}}],"collection":[{"href":"https:\/\/dc-holding.ch\/de\/wp-json\/wp\/v2\/pages"}],"about":[{"href":"https:\/\/dc-holding.ch\/de\/wp-json\/wp\/v2\/types\/page"}],"author":[{"embeddable":true,"href":"https:\/\/dc-holding.ch\/de\/wp-json\/wp\/v2\/users\/1"}],"replies":[{"embeddable":true,"href":"https:\/\/dc-holding.ch\/de\/wp-json\/wp\/v2\/comments?post=1380"}],"version-history":[{"count":30,"href":"https:\/\/dc-holding.ch\/de\/wp-json\/wp\/v2\/pages\/1380\/revisions"}],"predecessor-version":[{"id":1713,"href":"https:\/\/dc-holding.ch\/de\/wp-json\/wp\/v2\/pages\/1380\/revisions\/1713"}],"wp:attachment":[{"href":"https:\/\/dc-holding.ch\/de\/wp-json\/wp\/v2\/media?parent=1380"}],"curies":[{"name":"wp","href":"https:\/\/api.w.org\/{rel}","templated":true}]}}