{"id":1338,"date":"2021-12-22T21:09:44","date_gmt":"2021-12-22T21:09:44","guid":{"rendered":"https:\/\/dc-holding.ch\/?page_id=1338"},"modified":"2021-12-29T19:36:29","modified_gmt":"2021-12-29T19:36:29","slug":"about-us","status":"publish","type":"page","link":"https:\/\/dc-holding.ch\/de\/about-us\/","title":{"rendered":"\u00dcBER UNS"},"content":{"rendered":"<section class=\"wpb-content-wrapper\"><p>[vc_row full_width=&#8221;stretch_row_content_no_spaces&#8221;][vc_column][\/vc_column][vc_column width=&#8221;1\/2&#8243;][vc_single_image image=&#8221;1343&#8243; img_size=&#8221;full&#8221;][\/vc_column][vc_column width=&#8221;1\/2&#8243; offset=&#8221;vc_col-sm-offset-0 vc_hidden-xs&#8221; css=&#8221;.vc_custom_1640207538325{margin-top: -0.15rem !important;padding-left: 6rem !important;}&#8221;][vc_empty_space alter_height=&#8221;medium&#8221; hide_on_mobile=&#8221;&#8221; css=&#8221;.vc_custom_1485250422706{margin-bottom: 0.6rem !important;}&#8221;][vc_empty_space alter_height=&#8221;medium&#8221; hide_on_mobile=&#8221;&#8221; css=&#8221;.vc_custom_1485250422706{margin-bottom: 0.6rem !important;}&#8221;][vc_empty_space alter_height=&#8221;medium&#8221; hide_on_mobile=&#8221;&#8221; css=&#8221;.vc_custom_1485250422706{margin-bottom: 0.6rem !important;}&#8221;][vc_empty_space alter_height=&#8221;small&#8221; hide_on_mobile=&#8221;&#8221; css=&#8221;.vc_custom_1640207500323{margin-bottom: 0.6rem !important;}&#8221;]<div id=\"sc_title_647228221\"\r\n\t\tclass=\"sc_title sc_title_default\"><h3 class=\"sc_item_title sc_title_title sc_align_default sc_item_title_style_default sc_item_title_tag\">\u00dcBER UNS<\/h3><\/div><!-- \/.sc_title -->[vc_column_text css=&#8221;.vc_custom_1640719639466{margin-right: 3rem !important;border-left-width: 2px !important;padding-left: 3rem !important;border-left-color: #c6b477 !important;border-left-style: solid !important;}&#8221;]Die DC International Holding ist ein Konzernunternehmen, das Unternehmen die in verschiedensten Bereichen aktiv sind vertritt und quasi als Hauptzentrale von allen seinen verbundenen Unternehmen, diese mit einem strategischen Ansatz leitet.\u00a0 Die DC International Holding, welche in den Branchen wie Technologie, Immobilien, Bau und Sport mit insgesamt sieben verschiedenen Unternehmen t\u00e4tig ist, setzt seine Aktivit\u00e4ten unter der Leitung von Herrn Deniz \u00c7etinda\u011f und den verschiedenen CEO- und CFO-Mitgliedern des Managements fort.<\/p>\n<p>DC International Holding, unterst\u00fctzt mit der Hilfe seines Expertenteams neu auf den Markt gekommene und hohes Potential aufweisende Projekte bei ihrer Entwicklung. Neben dem prim\u00e4ren Ziel der Planung und Entwicklung von Strategien hinsichtlich des Wachstums solcher Unternehmen, leisten wir f\u00fcr wichtige Aspekte bei der Koordinierung von Finanzierung- und HR-Ressourcen, sowie der Karriereplanung der jeweiligen Verwaltungsmitglieder, Unterst\u00fctzung.[\/vc_column_text][vc_empty_space alter_height=&#8221;medium&#8221; hide_on_mobile=&#8221;&#8221; css=&#8221;.vc_custom_1485250422706{margin-bottom: 0.6rem !important;}&#8221;][\/vc_column][\/vc_row][vc_row full_width=&#8221;stretch_row_content_no_spaces&#8221;][vc_column width=&#8221;1\/2&#8243; offset=&#8221;vc_hidden-lg vc_hidden-md vc_col-sm-offset-0 vc_hidden-sm&#8221; css=&#8221;.vc_custom_1640207700870{padding-right: 0px !important;padding-bottom: 10px !important;padding-left: 30px !important;}&#8221;][vc_empty_space alter_height=&#8221;medium&#8221; hide_on_mobile=&#8221;&#8221; css=&#8221;.vc_custom_1485250422706{margin-bottom: 0.6rem !important;}&#8221;]<div id=\"sc_title_1218156881\"\r\n\t\tclass=\"sc_title sc_title_default\"><h3 class=\"sc_item_title sc_title_title sc_align_default sc_item_title_style_default sc_item_title_tag\">\u00dcBER UNS<\/h3><\/div><!-- \/.sc_title -->[vc_column_text css=&#8221;.vc_custom_1640719639466{margin-right: 3rem !important;border-left-width: 2px !important;padding-left: 3rem !important;border-left-color: #c6b477 !important;border-left-style: solid !important;}&#8221;]Die DC International Holding ist ein Konzernunternehmen, das Unternehmen die in verschiedensten Bereichen aktiv sind vertritt und quasi als Hauptzentrale von allen seinen verbundenen Unternehmen, diese mit einem strategischen Ansatz leitet.\u00a0 Die DC International Holding, welche in den Branchen wie Technologie, Immobilien, Bau und Sport mit insgesamt sieben verschiedenen Unternehmen t\u00e4tig ist, setzt seine Aktivit\u00e4ten unter der Leitung von Herrn Deniz \u00c7etinda\u011f und den verschiedenen CEO- und CFO-Mitgliedern des Managements fort.<\/p>\n<p>DC International Holding, unterst\u00fctzt mit der Hilfe seines Expertenteams neu auf den Markt gekommene und hohes Potential aufweisende Projekte bei ihrer Entwicklung. Neben dem prim\u00e4ren Ziel der Planung und Entwicklung von Strategien hinsichtlich des Wachstums solcher Unternehmen, leisten wir f\u00fcr wichtige Aspekte bei der Koordinierung von Finanzierung- und HR-Ressourcen, sowie der Karriereplanung der jeweiligen Verwaltungsmitglieder, Unterst\u00fctzung.[\/vc_column_text][vc_empty_space alter_height=&#8221;medium&#8221; hide_on_mobile=&#8221;&#8221; css=&#8221;.vc_custom_1485250422706{margin-bottom: 0.6rem !important;}&#8221;][\/vc_column][\/vc_row]<\/p>\n<\/section>","protected":false},"excerpt":{"rendered":"<p>[vc_row full_width=&#8221;stretch_row_content_no_spaces&#8221;][vc_column][\/vc_column][vc_column width=&#8221;1\/2&#8243;][vc_single_image image=&#8221;1343&#8243; img_size=&#8221;full&#8221;][\/vc_column][vc_column width=&#8221;1\/2&#8243; offset=&#8221;vc_col-sm-offset-0 vc_hidden-xs&#8221; css=&#8221;.vc_custom_1640207538325{margin-top: -0.15rem !important;padding-left: 6rem !important;}&#8221;][vc_empty_space alter_height=&#8221;medium&#8221; hide_on_mobile=&#8221;&#8221; css=&#8221;.vc_custom_1485250422706{margin-bottom: 0.6rem !important;}&#8221;][vc_empty_space alter_height=&#8221;medium&#8221; hide_on_mobile=&#8221;&#8221; css=&#8221;.vc_custom_1485250422706{margin-bottom: 0.6rem !important;}&#8221;][vc_empty_space alter_height=&#8221;medium&#8221; hide_on_mobile=&#8221;&#8221; css=&#8221;.vc_custom_1485250422706{margin-bottom: 0.6rem !important;}&#8221;][vc_empty_space alter_height=&#8221;small&#8221; hide_on_mobile=&#8221;&#8221; css=&#8221;.vc_custom_1640207500323{margin-bottom: 0.6rem !important;}&#8221;][vc_column_text css=&#8221;.vc_custom_1640719639466{margin-right: 3rem !important;border-left-width: 2px !important;padding-left: 3rem !important;border-left-color: #c6b477 !important;border-left-style: solid !important;}&#8221;]Die DC International Holding ist ein Konzernunternehmen, das Unternehmen die in verschiedensten Bereichen aktiv sind vertritt und&hellip;<\/p>\n","protected":false},"author":1,"featured_media":0,"parent":0,"menu_order":0,"comment_status":"closed","ping_status":"closed","template":"","meta":{"footnotes":""},"class_list":["post-1338","page","type-page","status-publish","hentry"],"_links":{"self":[{"href":"https:\/\/dc-holding.ch\/de\/wp-json\/wp\/v2\/pages\/1338","targetHints":{"allow":["GET"]}}],"collection":[{"href":"https:\/\/dc-holding.ch\/de\/wp-json\/wp\/v2\/pages"}],"about":[{"href":"https:\/\/dc-holding.ch\/de\/wp-json\/wp\/v2\/types\/page"}],"author":[{"embeddable":true,"href":"https:\/\/dc-holding.ch\/de\/wp-json\/wp\/v2\/users\/1"}],"replies":[{"embeddable":true,"href":"https:\/\/dc-holding.ch\/de\/wp-json\/wp\/v2\/comments?post=1338"}],"version-history":[{"count":23,"href":"https:\/\/dc-holding.ch\/de\/wp-json\/wp\/v2\/pages\/1338\/revisions"}],"predecessor-version":[{"id":1691,"href":"https:\/\/dc-holding.ch\/de\/wp-json\/wp\/v2\/pages\/1338\/revisions\/1691"}],"wp:attachment":[{"href":"https:\/\/dc-holding.ch\/de\/wp-json\/wp\/v2\/media?parent=1338"}],"curies":[{"name":"wp","href":"https:\/\/api.w.org\/{rel}","templated":true}]}}