{"id":1316,"date":"2021-12-22T20:56:41","date_gmt":"2021-12-22T20:56:41","guid":{"rendered":"https:\/\/dc-holding.ch\/?page_id=1316"},"modified":"2021-12-28T16:34:52","modified_gmt":"2021-12-28T16:34:52","slug":"baskanin-mesaji","status":"publish","type":"page","link":"https:\/\/dc-holding.ch\/de\/baskanin-mesaji\/","title":{"rendered":"Ba\u015fkan\u0131n Mesaj\u0131"},"content":{"rendered":"<p class=\"qtranxs-available-languages-message qtranxs-available-languages-message-de\">Leider ist der Eintrag nur auf <a href=\"https:\/\/dc-holding.ch\/en\/wp-json\/wp\/v2\/pages\/1316\" class=\"qtranxs-available-language-link qtranxs-available-language-link-en\" title=\"EN\">EN<\/a> und <a href=\"https:\/\/dc-holding.ch\/tr\/wp-json\/wp\/v2\/pages\/1316\" class=\"qtranxs-available-language-link qtranxs-available-language-link-tr\" title=\"TR\">TR<\/a> verf\u00fcgbar.<\/p>","protected":false},"excerpt":{"rendered":"<p>Leider ist der Eintrag nur auf EN und TR verf\u00fcgbar.<\/p>\n","protected":false},"author":1,"featured_media":0,"parent":0,"menu_order":0,"comment_status":"closed","ping_status":"closed","template":"","meta":{"footnotes":""},"class_list":["post-1316","page","type-page","status-publish","hentry"],"_links":{"self":[{"href":"https:\/\/dc-holding.ch\/de\/wp-json\/wp\/v2\/pages\/1316","targetHints":{"allow":["GET"]}}],"collection":[{"href":"https:\/\/dc-holding.ch\/de\/wp-json\/wp\/v2\/pages"}],"about":[{"href":"https:\/\/dc-holding.ch\/de\/wp-json\/wp\/v2\/types\/page"}],"author":[{"embeddable":true,"href":"https:\/\/dc-holding.ch\/de\/wp-json\/wp\/v2\/users\/1"}],"replies":[{"embeddable":true,"href":"https:\/\/dc-holding.ch\/de\/wp-json\/wp\/v2\/comments?post=1316"}],"version-history":[{"count":25,"href":"https:\/\/dc-holding.ch\/de\/wp-json\/wp\/v2\/pages\/1316\/revisions"}],"predecessor-version":[{"id":1617,"href":"https:\/\/dc-holding.ch\/de\/wp-json\/wp\/v2\/pages\/1316\/revisions\/1617"}],"wp:attachment":[{"href":"https:\/\/dc-holding.ch\/de\/wp-json\/wp\/v2\/media?parent=1316"}],"curies":[{"name":"wp","href":"https:\/\/api.w.org\/{rel}","templated":true}]}}